{"id":54,"date":"2024-07-19T13:10:04","date_gmt":"2024-07-19T17:10:04","guid":{"rendered":"https:\/\/norterra.avixweb.dev\/?page_id=54"},"modified":"2024-09-03T10:40:01","modified_gmt":"2024-09-03T14:40:01","slug":"seguridad-garantizada","status":"publish","type":"page","link":"https:\/\/norterra.cl\/index.php\/seguridad-garantizada\/","title":{"rendered":"Seguridad Garantizada"},"content":{"rendered":"\t\t<div data-elementor-type=\"wp-page\" data-elementor-id=\"54\" class=\"elementor elementor-54\" data-elementor-post-type=\"page\">\n\t\t\t\t<div class=\"elementor-element elementor-element-111b4298 e-flex e-con-boxed e-con e-parent\" data-id=\"111b4298\" data-element_type=\"container\" data-e-type=\"container\" data-settings=\"{&quot;background_background&quot;:&quot;classic&quot;}\">\n\t\t\t\t\t<div class=\"e-con-inner\">\n\t\t\t\t<div class=\"elementor-element elementor-element-43d9615 elementor-widget__width-initial elementor-invisible elementor-widget elementor-widget-elementskit-heading\" data-id=\"43d9615\" data-element_type=\"widget\" data-e-type=\"widget\" data-settings=\"{&quot;_animation&quot;:&quot;slideInUp&quot;,&quot;_animation_delay&quot;:300}\" data-widget_type=\"elementskit-heading.default\">\n\t\t\t\t<div class=\"elementor-widget-container\">\n\t\t\t\t\t<div class=\"ekit-wid-con\" ><div class=\"ekit-heading elementskit-section-title-wraper text_center   ekit_heading_tablet-   ekit_heading_mobile-\"><h2 class=\"ekit-heading--title elementskit-section-title \">Seguridad <span><span>Garantizada<\/span><\/span><\/h2><\/div><\/div>\t\t\t\t<\/div>\n\t\t\t\t<\/div>\n\t\t\t\t\t<\/div>\n\t\t\t\t<\/div>\n\t\t<div class=\"elementor-element elementor-element-75baa04 e-flex e-con-boxed e-con e-parent\" data-id=\"75baa04\" data-element_type=\"container\" data-e-type=\"container\" data-settings=\"{&quot;background_background&quot;:&quot;classic&quot;}\">\n\t\t\t\t\t<div class=\"e-con-inner\">\n\t\t<div class=\"elementor-element elementor-element-79c4103 e-con-full e-flex e-con e-child\" data-id=\"79c4103\" data-element_type=\"container\" data-e-type=\"container\">\n\t\t\t\t<div class=\"elementor-element elementor-element-a7ed8b5 elementor-widget elementor-widget-image\" data-id=\"a7ed8b5\" data-element_type=\"widget\" data-e-type=\"widget\" data-widget_type=\"image.default\">\n\t\t\t\t<div class=\"elementor-widget-container\">\n\t\t\t\t\t\t\t\t\t\t\t\t\t\t\t<img fetchpriority=\"high\" decoding=\"async\" width=\"900\" height=\"900\" src=\"https:\/\/norterra.cl\/wp-content\/uploads\/2024\/07\/12.jpg\" class=\"attachment-full size-full wp-image-195\" alt=\"\" srcset=\"https:\/\/norterra.cl\/wp-content\/uploads\/2024\/07\/12.jpg 900w, https:\/\/norterra.cl\/wp-content\/uploads\/2024\/07\/12-300x300.jpg 300w, https:\/\/norterra.cl\/wp-content\/uploads\/2024\/07\/12-150x150.jpg 150w, https:\/\/norterra.cl\/wp-content\/uploads\/2024\/07\/12-768x768.jpg 768w\" sizes=\"(max-width: 900px) 100vw, 900px\" \/>\t\t\t\t\t\t\t\t\t\t\t\t\t\t\t<\/div>\n\t\t\t\t<\/div>\n\t\t\t\t<\/div>\n\t\t<div class=\"elementor-element elementor-element-0709d19 e-con-full e-flex e-con e-child\" data-id=\"0709d19\" data-element_type=\"container\" data-e-type=\"container\">\n\t\t\t\t<div class=\"elementor-element elementor-element-7b99bb7 elementor-widget elementor-widget-icon-box\" data-id=\"7b99bb7\" data-element_type=\"widget\" data-e-type=\"widget\" data-widget_type=\"icon-box.default\">\n\t\t\t\t<div class=\"elementor-widget-container\">\n\t\t\t\t\t\t\t<div class=\"elementor-icon-box-wrapper\">\n\n\t\t\t\n\t\t\t\t\t\t<div class=\"elementor-icon-box-content\">\n\n\t\t\t\t\t\t\t\t\t<h4 class=\"elementor-icon-box-title\">\n\t\t\t\t\t\t<span  >\n\t\t\t\t\t\t\tSeguridad Garantizada\t\t\t\t\t\t<\/span>\n\t\t\t\t\t<\/h4>\n\t\t\t\t\n\t\t\t\t\t\t\t\t\t<p class=\"elementor-icon-box-description\">\n\t\t\t\t\t\tEn Norterra, aseguramos que nuestras operaciones se realizan de acuerdo a Sistemas Integrados de Gesti\u00f3n (SIG) bajo las normas internacionales,  cumpliendo con los m\u00e1s altos est\u00e1ndares en gesti\u00f3n de calidad, gesti\u00f3n ambiental y seguridad ocupacional, especialmente en los sectores de miner\u00eda y construcci\u00f3n. Este compromiso con la excelencia ha sido una constante desde nuestros inicios y ha sido fundamental en todas nuestras actividades. Adem\u00e1s, nos destacamos por nuestros rigurosos est\u00e1ndares de seguridad laboral, respaldados por nuestra colaboraci\u00f3n con MUTUAL.\n<br><br>\n\n\nContamos tambi\u00e9n con la certificaci\u00f3n de SICEP, entidad certificadora de empresas proveedoras del Norte, exigida por las principales compa\u00f1\u00edas de la regi\u00f3n, lo que reafirma nuestro compromiso con la calidad y seguridad en todos los proyectos que realizamos.\t\t\t\t\t<\/p>\n\t\t\t\t\n\t\t\t<\/div>\n\t\t\t\n\t\t<\/div>\n\t\t\t\t\t\t<\/div>\n\t\t\t\t<\/div>\n\t\t\t\t<\/div>\n\t\t\t\t\t<\/div>\n\t\t\t\t<\/div>\n\t\t<div class=\"elementor-element elementor-element-b6a2c2c e-grid elementor-hidden-desktop elementor-hidden-tablet elementor-hidden-mobile e-con-boxed e-con e-parent\" data-id=\"b6a2c2c\" data-element_type=\"container\" data-e-type=\"container\">\n\t\t\t\t\t<div class=\"e-con-inner\">\n\t\t\t\t<div class=\"elementor-element elementor-element-0c9290f elementor-widget-mobile__width-initial elementor-widget elementor-widget-counter\" data-id=\"0c9290f\" data-element_type=\"widget\" data-e-type=\"widget\" data-widget_type=\"counter.default\">\n\t\t\t\t<div class=\"elementor-widget-container\">\n\t\t\t\t\t\t\t<div class=\"elementor-counter\">\n\t\t\t<div class=\"elementor-counter-title\">ISO<\/div>\t\t\t<div class=\"elementor-counter-number-wrapper\">\n\t\t\t\t<span class=\"elementor-counter-number-prefix\"><\/span>\n\t\t\t\t<span class=\"elementor-counter-number\" data-duration=\"2000\" data-to-value=\"9001\" data-from-value=\"0\">0<\/span>\n\t\t\t\t<span class=\"elementor-counter-number-suffix\"><\/span>\n\t\t\t<\/div>\n\t\t<\/div>\n\t\t\t\t\t\t<\/div>\n\t\t\t\t<\/div>\n\t\t\t\t<div class=\"elementor-element elementor-element-d9d8263 elementor-widget-mobile__width-initial elementor-widget elementor-widget-counter\" data-id=\"d9d8263\" data-element_type=\"widget\" data-e-type=\"widget\" data-widget_type=\"counter.default\">\n\t\t\t\t<div class=\"elementor-widget-container\">\n\t\t\t\t\t\t\t<div class=\"elementor-counter\">\n\t\t\t<div class=\"elementor-counter-title\">ISO<\/div>\t\t\t<div class=\"elementor-counter-number-wrapper\">\n\t\t\t\t<span class=\"elementor-counter-number-prefix\"><\/span>\n\t\t\t\t<span class=\"elementor-counter-number\" data-duration=\"2000\" data-to-value=\"14001\" data-from-value=\"0\">0<\/span>\n\t\t\t\t<span class=\"elementor-counter-number-suffix\"><\/span>\n\t\t\t<\/div>\n\t\t<\/div>\n\t\t\t\t\t\t<\/div>\n\t\t\t\t<\/div>\n\t\t\t\t<div class=\"elementor-element elementor-element-964d8b0 elementor-widget-mobile__width-initial elementor-widget elementor-widget-counter\" data-id=\"964d8b0\" data-element_type=\"widget\" data-e-type=\"widget\" data-widget_type=\"counter.default\">\n\t\t\t\t<div class=\"elementor-widget-container\">\n\t\t\t\t\t\t\t<div class=\"elementor-counter\">\n\t\t\t<div class=\"elementor-counter-title\">ISO<\/div>\t\t\t<div class=\"elementor-counter-number-wrapper\">\n\t\t\t\t<span class=\"elementor-counter-number-prefix\"><\/span>\n\t\t\t\t<span class=\"elementor-counter-number\" data-duration=\"2000\" data-to-value=\"18001\" data-from-value=\"0\">0<\/span>\n\t\t\t\t<span class=\"elementor-counter-number-suffix\"><\/span>\n\t\t\t<\/div>\n\t\t<\/div>\n\t\t\t\t\t\t<\/div>\n\t\t\t\t<\/div>\n\t\t\t\t\t<\/div>\n\t\t\t\t<\/div>\n\t\t\t\t<\/div>\n\t\t","protected":false},"excerpt":{"rendered":"<p>Seguridad Garantizada Seguridad Garantizada En Norterra, aseguramos que nuestras operaciones se realizan de acuerdo a Sistemas Integrados de Gesti\u00f3n (SIG) bajo las normas internacionales, cumpliendo con los m\u00e1s altos est\u00e1ndares en gesti\u00f3n de calidad, gesti\u00f3n ambiental y seguridad ocupacional, especialmente en los sectores de miner\u00eda y construcci\u00f3n. Este compromiso con la excelencia ha sido una [&hellip;]<\/p>\n","protected":false},"author":2,"featured_media":0,"parent":0,"menu_order":0,"comment_status":"closed","ping_status":"closed","template":"elementor_header_footer","meta":{"footnotes":""},"class_list":["post-54","page","type-page","status-publish","hentry"],"_links":{"self":[{"href":"https:\/\/norterra.cl\/index.php\/wp-json\/wp\/v2\/pages\/54","targetHints":{"allow":["GET"]}}],"collection":[{"href":"https:\/\/norterra.cl\/index.php\/wp-json\/wp\/v2\/pages"}],"about":[{"href":"https:\/\/norterra.cl\/index.php\/wp-json\/wp\/v2\/types\/page"}],"author":[{"embeddable":true,"href":"https:\/\/norterra.cl\/index.php\/wp-json\/wp\/v2\/users\/2"}],"replies":[{"embeddable":true,"href":"https:\/\/norterra.cl\/index.php\/wp-json\/wp\/v2\/comments?post=54"}],"version-history":[{"count":41,"href":"https:\/\/norterra.cl\/index.php\/wp-json\/wp\/v2\/pages\/54\/revisions"}],"predecessor-version":[{"id":607,"href":"https:\/\/norterra.cl\/index.php\/wp-json\/wp\/v2\/pages\/54\/revisions\/607"}],"wp:attachment":[{"href":"https:\/\/norterra.cl\/index.php\/wp-json\/wp\/v2\/media?parent=54"}],"curies":[{"name":"wp","href":"https:\/\/api.w.org\/{rel}","templated":true}]}}